{"id":9,"date":"2019-09-22T19:10:44","date_gmt":"2019-09-22T19:10:44","guid":{"rendered":"https:\/\/accobrandscanada.com\/fr\/?page_id=9"},"modified":"2024-07-23T21:33:13","modified_gmt":"2024-07-23T21:33:13","slug":"a-propos","status":"publish","type":"page","link":"https:\/\/accobrandscanada.com\/fr\/a-propos\/","title":{"rendered":"\u00c0 propos"},"content":{"rendered":"\n<figure class=\"wp-block-image\"><img decoding=\"async\" src=\"https:\/\/accobrandscanada.com\/wp-content\/uploads\/2018\/09\/logo-acco-lg.jpg\" alt=\"\" class=\"wp-image-10000065\" srcset=\"https:\/\/accobrandscanada.com\/wp-content\/uploads\/2018\/09\/logo-acco-lg.jpg 180w, https:\/\/accobrandscanada.com\/wp-content\/uploads\/2018\/09\/logo-acco-lg-53x80.jpg 53w, https:\/\/accobrandscanada.com\/wp-content\/uploads\/2018\/09\/logo-acco-lg-106x160.jpg 106w, https:\/\/accobrandscanada.com\/wp-content\/uploads\/2018\/09\/logo-acco-lg-159x240.jpg 159w\" sizes=\"(max-width: 180px) 100vw, 180px\" \/><\/figure>\n\n\n\n<p>ACCO Brands Corporation (NYSE : ACCO) est l\u2019un des plus importants fournisseurs au monde de produits de consommation de marque pour les \u00e9coles et les bureaux, ainsi que de solutions de finition d\u2019impression.&nbsp; Nous commercialisons des produits dans plus de 100 pays via notre propre force de vente et nos r\u00e9seaux de distribution.  Nous sommes fiers de notre longue tradition de leadership et d\u2019innovation dans l\u2019industrie et nous nous effor\u00e7ons de fournir une valeur exceptionnelle \u00e0 nos actionnaires et \u00e0 nos clients en proposant des produits de marque uniques et \u00e0 la fine pointe de la technologie.&nbsp; Nos marques largement reconnues comprennent Hilroy\u00ae, Five Star\u00ae, AT-A-GLANCE\u00ae, Day-Timer\u00ae, Quartet\u00ae, GBC\u00ae, Swingline\u00ae, Kensington\u00ae, Mead\u00ae, Wilson Jones\u00ae et bien d\u2019autres.&nbsp;<\/p>\n\n\n\n<p><strong>Le si\u00e8ge social d\u2019ACCO Brands Corporation est situ\u00e9 \u00e0 l\u2019adresse suivante : <\/strong><br>ACCO Brands Corporation<br>Four Corporate Drive, Lake Zurich, IL, 60047-8997<br>Num\u00e9ro de t\u00e9l\u00e9phone :&nbsp;<strong><a href=\"tel:+18002226462\">1-800-222-6462<\/a><\/strong><br><strong><a href=\"http:\/\/www.accobrands.com\/\">www.accobrands.com<\/a><\/strong><\/p>\n\n\n\n<p>ACCO Brands Canada LP, est la filiale canadienne d\u2019ACCO Brands Corporation.&nbsp; En tant que soci\u00e9t\u00e9 mondiale, nous investissons en permanence dans nos marques haut de gamme et dans notre personnel pour fournir des produits de marque exceptionnels et de grande qualit\u00e9 \u00e0 travers le pays pour tous les besoins de votre \u00e9cole, de votre planification et de votre espace de travail \u2013 que ce soit \u00e0 l\u2019\u00e9cole, \u00e0 la maison, au bureau ou sur la route.&nbsp; Nous nous engageons plus que jamais \u00e0 vous fournir des produits les plus r\u00e9cents et les plus innovants, notamment une vaste gamme de fournitures scolaires, de reliure, de plastification, de d\u00e9chiquetage, de mat\u00e9riel de communication visuelle et d\u2019outils pour les espaces de travail.&nbsp;<\/p>\n\n\n\n<p><strong>Le si\u00e8ge social d\u2019ACCO Brands Canada est situ\u00e9 \u00e0 l\u2019adresse suivante : <\/strong><br>ACCO BRANDS CANADA LP<br>7381 Bramalea Road<br>Mississauga, ON \u2013 L5S 1C4<br>Canada<br>Num\u00e9ro de t\u00e9l\u00e9phone :&nbsp;<strong><a href=\"tel:+19053642600\">+1 (905) 364-2600<\/a><\/strong><\/p>\n","protected":false},"excerpt":{"rendered":"<p>ACCO Brands Corporation (NYSE : ACCO) est l\u2019un des plus importants fournisseurs au monde de produits de consommation de marque pour les \u00e9coles et les bureaux, ainsi que de solutions de finition d\u2019impression.&nbsp; Nous commercialisons des produits dans plus de&#8230; <a href=\"https:\/\/accobrandscanada.com\/fr\/a-propos\/\" class=\"more\">More on \u00ab\u00a0\u00c0 propos\u00a0\u00bb<\/a><\/p>\n","protected":false},"author":1,"featured_media":0,"parent":0,"menu_order":0,"comment_status":"closed","ping_status":"closed","template":"","meta":{"_acf_changed":false,"footnotes":""},"class_list":["post-9","page","type-page","status-publish","hentry"],"acf":[],"yoast_head":"<!-- This site is optimized with the Yoast SEO plugin v27.0 - https:\/\/yoast.com\/product\/yoast-seo-wordpress\/ -->\n<title>\u00c0 propos - ACCO Canada<\/title>\n<meta name=\"robots\" content=\"index, follow, max-snippet:-1, max-image-preview:large, max-video-preview:-1\" \/>\n<link rel=\"canonical\" href=\"https:\/\/accobrandscanada.com\/fr\/a-propos\/\" \/>\n<meta property=\"og:locale\" content=\"fr_CA\" \/>\n<meta property=\"og:type\" content=\"article\" \/>\n<meta property=\"og:title\" content=\"\u00c0 propos - ACCO Canada\" \/>\n<meta property=\"og:description\" content=\"ACCO Brands Corporation (NYSE : ACCO) est l\u2019un des plus importants fournisseurs au monde de produits de consommation de marque pour les \u00e9coles et les bureaux, ainsi que de solutions de finition d\u2019impression.&nbsp; Nous commercialisons des produits dans plus de... More on &quot;\u00c0 propos&quot;\" \/>\n<meta property=\"og:url\" content=\"https:\/\/accobrandscanada.com\/fr\/a-propos\/\" \/>\n<meta property=\"og:site_name\" content=\"ACCO Canada\" \/>\n<meta property=\"article:modified_time\" content=\"2024-07-23T21:33:13+00:00\" \/>\n<meta property=\"og:image\" content=\"https:\/\/accobrandscanada.com\/wp-content\/uploads\/2018\/09\/logo-acco-lg.jpg\" \/>\n<meta name=\"twitter:card\" content=\"summary_large_image\" \/>\n<meta name=\"twitter:label1\" content=\"Estimation du temps de lecture\" \/>\n\t<meta name=\"twitter:data1\" content=\"2 minutes\" \/>\n<script type=\"application\/ld+json\" class=\"yoast-schema-graph\">{\"@context\":\"https:\/\/schema.org\",\"@graph\":[{\"@type\":\"WebPage\",\"@id\":\"https:\/\/accobrandscanada.com\/fr\/a-propos\/\",\"url\":\"https:\/\/accobrandscanada.com\/fr\/a-propos\/\",\"name\":\"\u00c0 propos - ACCO Canada\",\"isPartOf\":{\"@id\":\"https:\/\/accobrandscanada.com\/fr\/#website\"},\"primaryImageOfPage\":{\"@id\":\"https:\/\/accobrandscanada.com\/fr\/a-propos\/#primaryimage\"},\"image\":{\"@id\":\"https:\/\/accobrandscanada.com\/fr\/a-propos\/#primaryimage\"},\"thumbnailUrl\":\"https:\/\/accobrandscanada.com\/wp-content\/uploads\/2018\/09\/logo-acco-lg.jpg\",\"datePublished\":\"2019-09-22T19:10:44+00:00\",\"dateModified\":\"2024-07-23T21:33:13+00:00\",\"breadcrumb\":{\"@id\":\"https:\/\/accobrandscanada.com\/fr\/a-propos\/#breadcrumb\"},\"inLanguage\":\"fr-CA\",\"potentialAction\":[{\"@type\":\"ReadAction\",\"target\":[\"https:\/\/accobrandscanada.com\/fr\/a-propos\/\"]}]},{\"@type\":\"ImageObject\",\"inLanguage\":\"fr-CA\",\"@id\":\"https:\/\/accobrandscanada.com\/fr\/a-propos\/#primaryimage\",\"url\":\"https:\/\/accobrandscanada.com\/wp-content\/uploads\/2018\/09\/logo-acco-lg.jpg\",\"contentUrl\":\"https:\/\/accobrandscanada.com\/wp-content\/uploads\/2018\/09\/logo-acco-lg.jpg\"},{\"@type\":\"BreadcrumbList\",\"@id\":\"https:\/\/accobrandscanada.com\/fr\/a-propos\/#breadcrumb\",\"itemListElement\":[{\"@type\":\"ListItem\",\"position\":1,\"name\":\"Accueil\",\"item\":\"https:\/\/accobrandscanada.com\/fr\/\"},{\"@type\":\"ListItem\",\"position\":2,\"name\":\"\u00c0 propos\"}]},{\"@type\":\"WebSite\",\"@id\":\"https:\/\/accobrandscanada.com\/fr\/#website\",\"url\":\"https:\/\/accobrandscanada.com\/fr\/\",\"name\":\"ACCO Canada\",\"description\":\"Le leader de l\u2019industrie\",\"potentialAction\":[{\"@type\":\"SearchAction\",\"target\":{\"@type\":\"EntryPoint\",\"urlTemplate\":\"https:\/\/accobrandscanada.com\/fr\/?s={search_term_string}\"},\"query-input\":{\"@type\":\"PropertyValueSpecification\",\"valueRequired\":true,\"valueName\":\"search_term_string\"}}],\"inLanguage\":\"fr-CA\"}]}<\/script>\n<!-- \/ Yoast SEO plugin. -->","yoast_head_json":{"title":"\u00c0 propos - ACCO Canada","robots":{"index":"index","follow":"follow","max-snippet":"max-snippet:-1","max-image-preview":"max-image-preview:large","max-video-preview":"max-video-preview:-1"},"canonical":"https:\/\/accobrandscanada.com\/fr\/a-propos\/","og_locale":"fr_CA","og_type":"article","og_title":"\u00c0 propos - ACCO Canada","og_description":"ACCO Brands Corporation (NYSE : ACCO) est l\u2019un des plus importants fournisseurs au monde de produits de consommation de marque pour les \u00e9coles et les bureaux, ainsi que de solutions de finition d\u2019impression.&nbsp; Nous commercialisons des produits dans plus de... More on \"\u00c0 propos\"","og_url":"https:\/\/accobrandscanada.com\/fr\/a-propos\/","og_site_name":"ACCO Canada","article_modified_time":"2024-07-23T21:33:13+00:00","og_image":[{"url":"https:\/\/accobrandscanada.com\/wp-content\/uploads\/2018\/09\/logo-acco-lg.jpg","type":"","width":"","height":""}],"twitter_card":"summary_large_image","twitter_misc":{"Estimation du temps de lecture":"2 minutes"},"schema":{"@context":"https:\/\/schema.org","@graph":[{"@type":"WebPage","@id":"https:\/\/accobrandscanada.com\/fr\/a-propos\/","url":"https:\/\/accobrandscanada.com\/fr\/a-propos\/","name":"\u00c0 propos - ACCO Canada","isPartOf":{"@id":"https:\/\/accobrandscanada.com\/fr\/#website"},"primaryImageOfPage":{"@id":"https:\/\/accobrandscanada.com\/fr\/a-propos\/#primaryimage"},"image":{"@id":"https:\/\/accobrandscanada.com\/fr\/a-propos\/#primaryimage"},"thumbnailUrl":"https:\/\/accobrandscanada.com\/wp-content\/uploads\/2018\/09\/logo-acco-lg.jpg","datePublished":"2019-09-22T19:10:44+00:00","dateModified":"2024-07-23T21:33:13+00:00","breadcrumb":{"@id":"https:\/\/accobrandscanada.com\/fr\/a-propos\/#breadcrumb"},"inLanguage":"fr-CA","potentialAction":[{"@type":"ReadAction","target":["https:\/\/accobrandscanada.com\/fr\/a-propos\/"]}]},{"@type":"ImageObject","inLanguage":"fr-CA","@id":"https:\/\/accobrandscanada.com\/fr\/a-propos\/#primaryimage","url":"https:\/\/accobrandscanada.com\/wp-content\/uploads\/2018\/09\/logo-acco-lg.jpg","contentUrl":"https:\/\/accobrandscanada.com\/wp-content\/uploads\/2018\/09\/logo-acco-lg.jpg"},{"@type":"BreadcrumbList","@id":"https:\/\/accobrandscanada.com\/fr\/a-propos\/#breadcrumb","itemListElement":[{"@type":"ListItem","position":1,"name":"Accueil","item":"https:\/\/accobrandscanada.com\/fr\/"},{"@type":"ListItem","position":2,"name":"\u00c0 propos"}]},{"@type":"WebSite","@id":"https:\/\/accobrandscanada.com\/fr\/#website","url":"https:\/\/accobrandscanada.com\/fr\/","name":"ACCO Canada","description":"Le leader de l\u2019industrie","potentialAction":[{"@type":"SearchAction","target":{"@type":"EntryPoint","urlTemplate":"https:\/\/accobrandscanada.com\/fr\/?s={search_term_string}"},"query-input":{"@type":"PropertyValueSpecification","valueRequired":true,"valueName":"search_term_string"}}],"inLanguage":"fr-CA"}]}},"_links":{"self":[{"href":"https:\/\/accobrandscanada.com\/fr\/wp-json\/wp\/v2\/pages\/9","targetHints":{"allow":["GET"]}}],"collection":[{"href":"https:\/\/accobrandscanada.com\/fr\/wp-json\/wp\/v2\/pages"}],"about":[{"href":"https:\/\/accobrandscanada.com\/fr\/wp-json\/wp\/v2\/types\/page"}],"author":[{"embeddable":true,"href":"https:\/\/accobrandscanada.com\/fr\/wp-json\/wp\/v2\/users\/1"}],"replies":[{"embeddable":true,"href":"https:\/\/accobrandscanada.com\/fr\/wp-json\/wp\/v2\/comments?post=9"}],"version-history":[{"count":9,"href":"https:\/\/accobrandscanada.com\/fr\/wp-json\/wp\/v2\/pages\/9\/revisions"}],"predecessor-version":[{"id":1489,"href":"https:\/\/accobrandscanada.com\/fr\/wp-json\/wp\/v2\/pages\/9\/revisions\/1489"}],"wp:attachment":[{"href":"https:\/\/accobrandscanada.com\/fr\/wp-json\/wp\/v2\/media?parent=9"}],"curies":[{"name":"wp","href":"https:\/\/api.w.org\/{rel}","templated":true}]}}